{"id":983,"date":"2026-03-27T10:06:52","date_gmt":"2026-03-27T10:06:52","guid":{"rendered":"https:\/\/www.heatecx.com\/pt\/?post_type=product&#038;p=983"},"modified":"2026-03-27T10:06:52","modified_gmt":"2026-03-27T10:06:52","slug":"maquina-biseladora-automatica-de-pines-terminalais-me-p02","status":"publish","type":"product","link":"https:\/\/www.heatecx.com\/pt\/producto\/maquina-biseladora-automatica-de-pines-terminalais-me-p02\/","title":{"rendered":"M\u00e1quina Biseladora Autom\u00e1tica de Pines Terminalais ME-P02"},"content":{"rendered":"<p>Experimente a m\u00e1xima efici\u00eancia e seguran\u00e7a com nossa M\u00e1quina Biseladora Autom\u00e1tica de Pines Terminalais, uma solu\u00e7\u00e3o robusta e de alto rendimento para a ind\u00fastria de <strong>resistencias el\u00e9tricas<\/strong>. Esta m\u00e1quina biseladora de pines terminalais foi projetada para realizar o arredondamento de pontas de pinos de a\u00e7o e o chanframento preciso, eliminando quaisquer imperfei\u00e7\u00f5es como rebarbas que possam comprometer a integridade ou o rendimento dos componentes. \u00c9 uma ferramenta essencial para o processamento de pernos ou pinos terminalais utilizados em <strong>resistencias el\u00e9tricas<\/strong>\u200b tubulares, assegurando que cada pino terminal cumpra com os mais altos padr\u00f5es de qualidade e seguran\u00e7a. A capacidade desta m\u00e1quina para criar um chanfro de seguran\u00e7a em terminalais el\u00e9tricos a torna um ativo inestim\u00e1vel para qualquer linha de produ\u00e7\u00e3o que valorize a confiabilidade e a durabilidade.<\/p>\n","protected":false},"excerpt":{"rendered":"<p>Experimente a m\u00e1xima efici\u00eancia e seguran\u00e7a com nossa M\u00e1quina Biseladora Autom\u00e1tica de Pines Terminalais, uma solu\u00e7\u00e3o robusta e de alto rendimento para a ind\u00fastria de <strong>resistencias el\u00e9tricas<\/strong>. Esta m\u00e1quina biseladora de pines terminalais foi projetada para realizar o arredondamento de pontas de pinos de a\u00e7o e o chanframento preciso, eliminando quaisquer imperfei\u00e7\u00f5es como rebarbas que possam comprometer a integridade ou o rendimento dos componentes. \u00c9 uma ferramenta essencial para o processamento de pernos ou pinos terminalais utilizados em <strong>resistencias el\u00e9tricas<\/strong>\u200b tubulares, assegurando que cada pino terminal cumpra com os mais altos padr\u00f5es de qualidade e seguran\u00e7a. A capacidade desta m\u00e1quina para criar um chanfro de seguran\u00e7a em terminalais el\u00e9tricos a torna um ativo inestim\u00e1vel para qualquer linha de produ\u00e7\u00e3o que valorize a confiabilidade e a durabilidade.<\/p>\n","protected":false},"featured_media":984,"comment_status":"open","ping_status":"closed","template":"","meta":{"site-sidebar-layout":"default","site-content-layout":"default","ast-global-header-display":"","ast-main-header-display":"","ast-hfb-above-header-display":"","ast-hfb-below-header-display":"","ast-hfb-mobile-header-display":"","site-post-title":"disabled","ast-breadcrumbs-content":"","ast-featured-img":"","footer-sml-layout":"","theme-transparent-header-meta":"default","adv-header-id-meta":"","stick-header-meta":"","header-above-stick-meta":"","header-main-stick-meta":"","header-below-stick-meta":""},"product_brand":[],"product_cat":[40,17],"product_tag":[],"class_list":{"0":"post-983","1":"product","2":"type-product","3":"status-publish","4":"has-post-thumbnail","6":"product_cat-maquinas-para-terminais","7":"product_cat-maquinas","9":"first","10":"instock","11":"shipping-taxable","12":"product-type-simple"},"_links":{"self":[{"href":"https:\/\/www.heatecx.com\/pt\/wp-json\/wp\/v2\/product\/983","targetHints":{"allow":["GET"]}}],"collection":[{"href":"https:\/\/www.heatecx.com\/pt\/wp-json\/wp\/v2\/product"}],"about":[{"href":"https:\/\/www.heatecx.com\/pt\/wp-json\/wp\/v2\/types\/product"}],"replies":[{"embeddable":true,"href":"https:\/\/www.heatecx.com\/pt\/wp-json\/wp\/v2\/comments?post=983"}],"wp:featuredmedia":[{"embeddable":true,"href":"https:\/\/www.heatecx.com\/pt\/wp-json\/wp\/v2\/media\/984"}],"wp:attachment":[{"href":"https:\/\/www.heatecx.com\/pt\/wp-json\/wp\/v2\/media?parent=983"}],"wp:term":[{"taxonomy":"product_brand","embeddable":true,"href":"https:\/\/www.heatecx.com\/pt\/wp-json\/wp\/v2\/product_brand?post=983"},{"taxonomy":"product_cat","embeddable":true,"href":"https:\/\/www.heatecx.com\/pt\/wp-json\/wp\/v2\/product_cat?post=983"},{"taxonomy":"product_tag","embeddable":true,"href":"https:\/\/www.heatecx.com\/pt\/wp-json\/wp\/v2\/product_tag?post=983"}],"curies":[{"name":"wp","href":"https:\/\/api.w.org\/{rel}","templated":true}]}}