{"id":987,"date":"2026-03-27T10:39:11","date_gmt":"2026-03-27T10:39:11","guid":{"rendered":"https:\/\/www.heatecx.com\/pt\/?post_type=product&#038;p=987"},"modified":"2026-03-27T10:39:11","modified_gmt":"2026-03-27T10:39:11","slug":"maquina-ranhuradora-de-pino-terminal-me-p03","status":"publish","type":"product","link":"https:\/\/www.heatecx.com\/pt\/producto\/maquina-ranhuradora-de-pino-terminal-me-p03\/","title":{"rendered":"M\u00e1quina Ranhuradora de Pino Terminal ME-P03"},"content":{"rendered":"<p>Descubra a efici\u00eancia e a versatilidade com nossa M\u00e1quina Ranhuradora para moler ranhura de perno terminal, uma ferramenta indispens\u00e1vel para a ind\u00fastria de <strong>resistencias el\u00e9tricas<\/strong>. Esta retificadora de extremidades de pinos terminalais foi projetada para realizar duas fun\u00e7\u00f5es cr\u00edticas: o retificado preciso das extremidades dos pernos e a cria\u00e7\u00e3o da rosca necess\u00e1ria para uma conex\u00e3o segura. \u00c9 a roscadora de pinos para <strong>resistencias tubulares<\/strong>\u200b ideal para garantir que cada pino terminal cumpra com os mais altos padr\u00f5es de qualidade e rendimento. Sua capacidade de processar os pinos terminalais utilizados como conex\u00e3o em <strong>resistencias el\u00e9tricas tubulares<\/strong>\u200b a torna um ativo estrat\u00e9gico, melhorando a produtividade e a fiabilidade de seus produtos. Esta m\u00e1quina ranhuradora de pernos terminalais \u00e9 sin\u00f4nimo de inova\u00e7\u00e3o e durabilidade.<\/p>\n","protected":false},"excerpt":{"rendered":"<p>Descubra a efici\u00eancia e a versatilidade com nossa M\u00e1quina Ranhuradora para moler ranhura de perno terminal, uma ferramenta indispens\u00e1vel para a ind\u00fastria de <strong>resistencias el\u00e9tricas<\/strong>. Esta retificadora de extremidades de pinos terminalais foi projetada para realizar duas fun\u00e7\u00f5es cr\u00edticas: o retificado preciso das extremidades dos pernos e a cria\u00e7\u00e3o da rosca necess\u00e1ria para uma conex\u00e3o segura. \u00c9 a roscadora de pinos para <strong>resistencias tubulares<\/strong>\u200b ideal para garantir que cada pino terminal cumpra com os mais altos padr\u00f5es de qualidade e rendimento. Sua capacidade de processar os pinos terminalais utilizados como conex\u00e3o em <strong>resistencias el\u00e9tricas tubulares<\/strong>\u200b a torna um ativo estrat\u00e9gico, melhorando a produtividade e a fiabilidade de seus produtos. Esta m\u00e1quina ranhuradora de pernos terminalais \u00e9 sin\u00f4nimo de inova\u00e7\u00e3o e durabilidade.<\/p>\n","protected":false},"featured_media":988,"comment_status":"open","ping_status":"closed","template":"","meta":{"site-sidebar-layout":"default","site-content-layout":"default","ast-global-header-display":"","ast-main-header-display":"","ast-hfb-above-header-display":"","ast-hfb-below-header-display":"","ast-hfb-mobile-header-display":"","site-post-title":"disabled","ast-breadcrumbs-content":"","ast-featured-img":"","footer-sml-layout":"","theme-transparent-header-meta":"default","adv-header-id-meta":"","stick-header-meta":"","header-above-stick-meta":"","header-main-stick-meta":"","header-below-stick-meta":""},"product_brand":[],"product_cat":[40,17],"product_tag":[],"class_list":{"0":"post-987","1":"product","2":"type-product","3":"status-publish","4":"has-post-thumbnail","6":"product_cat-maquinas-para-terminais","7":"product_cat-maquinas","9":"first","10":"instock","11":"shipping-taxable","12":"product-type-simple"},"_links":{"self":[{"href":"https:\/\/www.heatecx.com\/pt\/wp-json\/wp\/v2\/product\/987","targetHints":{"allow":["GET"]}}],"collection":[{"href":"https:\/\/www.heatecx.com\/pt\/wp-json\/wp\/v2\/product"}],"about":[{"href":"https:\/\/www.heatecx.com\/pt\/wp-json\/wp\/v2\/types\/product"}],"replies":[{"embeddable":true,"href":"https:\/\/www.heatecx.com\/pt\/wp-json\/wp\/v2\/comments?post=987"}],"wp:featuredmedia":[{"embeddable":true,"href":"https:\/\/www.heatecx.com\/pt\/wp-json\/wp\/v2\/media\/988"}],"wp:attachment":[{"href":"https:\/\/www.heatecx.com\/pt\/wp-json\/wp\/v2\/media?parent=987"}],"wp:term":[{"taxonomy":"product_brand","embeddable":true,"href":"https:\/\/www.heatecx.com\/pt\/wp-json\/wp\/v2\/product_brand?post=987"},{"taxonomy":"product_cat","embeddable":true,"href":"https:\/\/www.heatecx.com\/pt\/wp-json\/wp\/v2\/product_cat?post=987"},{"taxonomy":"product_tag","embeddable":true,"href":"https:\/\/www.heatecx.com\/pt\/wp-json\/wp\/v2\/product_tag?post=987"}],"curies":[{"name":"wp","href":"https:\/\/api.w.org\/{rel}","templated":true}]}}