{"id":994,"date":"2026-03-27T11:01:48","date_gmt":"2026-03-27T11:01:48","guid":{"rendered":"https:\/\/www.heatecx.com\/pt\/?post_type=product&#038;p=994"},"modified":"2026-03-27T11:01:48","modified_gmt":"2026-03-27T11:01:48","slug":"equipamento-de-extracao-de-po-para-cabo-mi-modelo-x-b20","status":"publish","type":"product","link":"https:\/\/www.heatecx.com\/pt\/producto\/equipamento-de-extracao-de-po-para-cabo-mi-modelo-x-b20\/","title":{"rendered":"Equipamento de Extra\u00e7\u00e3o de P\u00f3 para Cabo MI Modelo X-B20"},"content":{"rendered":"<p>O Equipamento de Limpeza e Extra\u00e7\u00e3o de P\u00f3 por Ultrassom X-B20, tamb\u00e9m conhecido como m\u00e1quina de limpeza de cabos de isolamento mineral e equipamento de extra\u00e7\u00e3o de p\u00f3 para cabos blindados, \u00e9 uma solu\u00e7\u00e3o tecnol\u00f3gica avan\u00e7ada projetada especificamente para o delicado processo de extra\u00e7\u00e3o de p\u00f3 em cabos MI (Mineral Insulation Cables) e cabos com armadura met\u00e1lica. Este equipamento de vanguarda utiliza a energia ultrass\u00f4nica para vibrar e desalojar eficazmente o p\u00f3 mineral (como \u00f3xido de magn\u00e9sio) do interior dos cabos de isolamento mineral cortados, garantindo ao mesmo tempo a prote\u00e7\u00e3o integral dos delicados fios condutores. Sua capacidade de realizar uma limpeza de p\u00f3 de \u00f3xido de magn\u00e9sio sem danificar o n\u00facleo el\u00e9trico o torna uma ferramenta indispens\u00e1vel para a prepara\u00e7\u00e3o de cabos <strong>resistencias<\/strong>\u200b ao fogo, cabos de termopar, cabos de controle de temperatura e outros cabos de \u00f3xido de magn\u00e9sio em diversas aplica\u00e7\u00f5es industriais. Com o X-B20, a extra\u00e7\u00e3o de p\u00f3 de cabos blindados de 1-20mm \u00e9 realizada com uma precis\u00e3o e efici\u00eancia inigual\u00e1veis, assegurando a integridade do cabo para seu uso posterior.<\/p>\n","protected":false},"excerpt":{"rendered":"<p>O Equipamento de Limpeza e Extra\u00e7\u00e3o de P\u00f3 por Ultrassom X-B20, tamb\u00e9m conhecido como m\u00e1quina de limpeza de cabos de isolamento mineral e equipamento de extra\u00e7\u00e3o de p\u00f3 para cabos blindados, \u00e9 uma solu\u00e7\u00e3o tecnol\u00f3gica avan\u00e7ada projetada especificamente para o delicado processo de extra\u00e7\u00e3o de p\u00f3 em cabos MI (Mineral Insulation Cables) e cabos com armadura met\u00e1lica. Este equipamento de vanguarda utiliza a energia ultrass\u00f4nica para vibrar e desalojar eficazmente o p\u00f3 mineral (como \u00f3xido de magn\u00e9sio) do interior dos cabos de isolamento mineral cortados, garantindo ao mesmo tempo a prote\u00e7\u00e3o integral dos delicados fios condutores. Sua capacidade de realizar uma limpeza de p\u00f3 de \u00f3xido de magn\u00e9sio sem danificar o n\u00facleo el\u00e9trico o torna uma ferramenta indispens\u00e1vel para a prepara\u00e7\u00e3o de cabos <strong>resistencias<\/strong>\u200b ao fogo, cabos de termopar, cabos de controle de temperatura e outros cabos de \u00f3xido de magn\u00e9sio em diversas aplica\u00e7\u00f5es industriais. Com o X-B20, a extra\u00e7\u00e3o de p\u00f3 de cabos blindados de 1-20mm \u00e9 realizada com uma precis\u00e3o e efici\u00eancia inigual\u00e1veis, assegurando a integridade do cabo para seu uso posterior.<\/p>\n","protected":false},"featured_media":995,"comment_status":"open","ping_status":"closed","template":"","meta":{"site-sidebar-layout":"default","site-content-layout":"default","ast-global-header-display":"","ast-main-header-display":"","ast-hfb-above-header-display":"","ast-hfb-below-header-display":"","ast-hfb-mobile-header-display":"","site-post-title":"disabled","ast-breadcrumbs-content":"","ast-featured-img":"","footer-sml-layout":"","theme-transparent-header-meta":"default","adv-header-id-meta":"","stick-header-meta":"","header-above-stick-meta":"","header-main-stick-meta":"","header-below-stick-meta":""},"product_brand":[],"product_cat":[47,17],"product_tag":[],"class_list":{"0":"post-994","1":"product","2":"type-product","3":"status-publish","4":"has-post-thumbnail","6":"product_cat-maquinas-para-cabos-mi","7":"product_cat-maquinas","9":"first","10":"instock","11":"shipping-taxable","12":"product-type-simple"},"_links":{"self":[{"href":"https:\/\/www.heatecx.com\/pt\/wp-json\/wp\/v2\/product\/994","targetHints":{"allow":["GET"]}}],"collection":[{"href":"https:\/\/www.heatecx.com\/pt\/wp-json\/wp\/v2\/product"}],"about":[{"href":"https:\/\/www.heatecx.com\/pt\/wp-json\/wp\/v2\/types\/product"}],"replies":[{"embeddable":true,"href":"https:\/\/www.heatecx.com\/pt\/wp-json\/wp\/v2\/comments?post=994"}],"wp:featuredmedia":[{"embeddable":true,"href":"https:\/\/www.heatecx.com\/pt\/wp-json\/wp\/v2\/media\/995"}],"wp:attachment":[{"href":"https:\/\/www.heatecx.com\/pt\/wp-json\/wp\/v2\/media?parent=994"}],"wp:term":[{"taxonomy":"product_brand","embeddable":true,"href":"https:\/\/www.heatecx.com\/pt\/wp-json\/wp\/v2\/product_brand?post=994"},{"taxonomy":"product_cat","embeddable":true,"href":"https:\/\/www.heatecx.com\/pt\/wp-json\/wp\/v2\/product_cat?post=994"},{"taxonomy":"product_tag","embeddable":true,"href":"https:\/\/www.heatecx.com\/pt\/wp-json\/wp\/v2\/product_tag?post=994"}],"curies":[{"name":"wp","href":"https:\/\/api.w.org\/{rel}","templated":true}]}}