{"id":998,"date":"2026-03-29T03:54:23","date_gmt":"2026-03-29T03:54:23","guid":{"rendered":"https:\/\/www.heatecx.com\/pt\/?post_type=product&#038;p=998"},"modified":"2026-03-29T03:54:23","modified_gmt":"2026-03-29T03:54:23","slug":"maquina-estiradora-de-tubos-automatica-xt-01","status":"publish","type":"product","link":"https:\/\/www.heatecx.com\/pt\/producto\/maquina-estiradora-de-tubos-automatica-xt-01\/","title":{"rendered":"M\u00e1quina Estiradora de Tubos Autom\u00e1tica XT-01"},"content":{"rendered":"<p>A m\u00e1quina estiradora autom\u00e1tica XT-01 \u00e9 um equipamento industrial de alta precis\u00e3o projetado especificamente para o p\u00f3s-processamento de tubos na fabrica\u00e7\u00e3o de <strong>resistencias<\/strong>. Sua fun\u00e7\u00e3o principal \u00e9 corrigir varia\u00e7\u00f5es de comprimento resultantes da lamina\u00e7\u00e3o (reducing) e inconsist\u00eancias na densidade do MgO, garantindo que todos os tubos atinjam um comprimento uniforme e especificado. Este sistema avan\u00e7ado utiliza controle combinado de hidr\u00e1ulica, PLC e tela sens\u00edvel ao toque, permitindo estiramento de precis\u00e3o e opera\u00e7\u00e3o totalmente automatizada. A XT-01 \u00e9 uma m\u00e1quina de estiramento de precis\u00e3o com controle PLC que garante homogeneidade dimensional \u2014 um fator cr\u00edtico para o desempenho e qualidade final das <strong>resistencias<\/strong>\u200b el\u00e9tricas.<\/p>\n","protected":false},"excerpt":{"rendered":"<p>A m\u00e1quina estiradora autom\u00e1tica XT-01 \u00e9 um equipamento industrial de alta precis\u00e3o projetado especificamente para o p\u00f3s-processamento de tubos na fabrica\u00e7\u00e3o de <strong>resistencias<\/strong>. Sua fun\u00e7\u00e3o principal \u00e9 corrigir varia\u00e7\u00f5es de comprimento resultantes da lamina\u00e7\u00e3o (reducing) e inconsist\u00eancias na densidade do MgO, garantindo que todos os tubos atinjam um comprimento uniforme e especificado. Este sistema avan\u00e7ado utiliza controle combinado de hidr\u00e1ulica, PLC e tela sens\u00edvel ao toque, permitindo estiramento de precis\u00e3o e opera\u00e7\u00e3o totalmente automatizada. A XT-01 \u00e9 uma m\u00e1quina de estiramento de precis\u00e3o com controle PLC que garante homogeneidade dimensional \u2014 um fator cr\u00edtico para o desempenho e qualidade final das <strong>resistencias<\/strong>\u200b el\u00e9tricas.<\/p>\n","protected":false},"featured_media":999,"comment_status":"open","ping_status":"closed","template":"","meta":{"site-sidebar-layout":"default","site-content-layout":"default","ast-global-header-display":"","ast-main-header-display":"","ast-hfb-above-header-display":"","ast-hfb-below-header-display":"","ast-hfb-mobile-header-display":"","site-post-title":"disabled","ast-breadcrumbs-content":"","ast-featured-img":"","footer-sml-layout":"","theme-transparent-header-meta":"default","adv-header-id-meta":"","stick-header-meta":"","header-above-stick-meta":"","header-main-stick-meta":"","header-below-stick-meta":""},"product_brand":[],"product_cat":[49,17],"product_tag":[],"class_list":{"0":"post-998","1":"product","2":"type-product","3":"status-publish","4":"has-post-thumbnail","6":"product_cat-maquinas-de-trefilacao","7":"product_cat-maquinas","9":"first","10":"instock","11":"shipping-taxable","12":"product-type-simple"},"_links":{"self":[{"href":"https:\/\/www.heatecx.com\/pt\/wp-json\/wp\/v2\/product\/998","targetHints":{"allow":["GET"]}}],"collection":[{"href":"https:\/\/www.heatecx.com\/pt\/wp-json\/wp\/v2\/product"}],"about":[{"href":"https:\/\/www.heatecx.com\/pt\/wp-json\/wp\/v2\/types\/product"}],"replies":[{"embeddable":true,"href":"https:\/\/www.heatecx.com\/pt\/wp-json\/wp\/v2\/comments?post=998"}],"wp:featuredmedia":[{"embeddable":true,"href":"https:\/\/www.heatecx.com\/pt\/wp-json\/wp\/v2\/media\/999"}],"wp:attachment":[{"href":"https:\/\/www.heatecx.com\/pt\/wp-json\/wp\/v2\/media?parent=998"}],"wp:term":[{"taxonomy":"product_brand","embeddable":true,"href":"https:\/\/www.heatecx.com\/pt\/wp-json\/wp\/v2\/product_brand?post=998"},{"taxonomy":"product_cat","embeddable":true,"href":"https:\/\/www.heatecx.com\/pt\/wp-json\/wp\/v2\/product_cat?post=998"},{"taxonomy":"product_tag","embeddable":true,"href":"https:\/\/www.heatecx.com\/pt\/wp-json\/wp\/v2\/product_tag?post=998"}],"curies":[{"name":"wp","href":"https:\/\/api.w.org\/{rel}","templated":true}]}}